{"id":387,"date":"2024-01-05T09:49:39","date_gmt":"2024-01-05T08:49:39","guid":{"rendered":"https:\/\/cloud9-realty.com\/?page_id=387"},"modified":"2026-02-13T06:33:17","modified_gmt":"2026-02-13T05:33:17","slug":"imprint","status":"publish","type":"page","link":"https:\/\/cloud9-realty.com\/de\/imprint\/","title":{"rendered":"Impressum"},"content":{"rendered":"<div data-elementor-type=\"wp-page\" data-elementor-id=\"387\" class=\"elementor elementor-387\" data-elementor-post-type=\"page\">\n\t\t\t\t<div class=\"elementor-element elementor-element-f4099a8 e-flex e-con-boxed e-con e-parent\" data-id=\"f4099a8\" data-element_type=\"container\" data-e-type=\"container\" data-settings=\"{&quot;background_background&quot;:&quot;classic&quot;}\">\n\t\t\t\t\t<div class=\"e-con-inner\">\n\t\t<div class=\"elementor-element elementor-element-2325bc6 e-con-full e-flex e-con e-child\" data-id=\"2325bc6\" data-element_type=\"container\" data-e-type=\"container\">\n\t\t\t\t<div class=\"elementor-element elementor-element-1641e18 elementor-invisible elementor-widget elementor-widget-heading\" data-id=\"1641e18\" data-element_type=\"widget\" data-e-type=\"widget\" data-settings=\"{&quot;_animation&quot;:&quot;fadeIn&quot;}\" data-widget_type=\"heading.default\">\n\t\t\t\t<div class=\"elementor-widget-container\">\n\t\t\t\t\t<h2 class=\"elementor-heading-title elementor-size-default\">Impressum<\/h2>\t\t\t\t<\/div>\n\t\t\t\t<\/div>\n\t\t\t\t<div class=\"elementor-element elementor-element-1e27185 elementor-invisible elementor-widget elementor-widget-text-editor\" data-id=\"1e27185\" data-element_type=\"widget\" data-e-type=\"widget\" data-settings=\"{&quot;_animation&quot;:&quot;fadeIn&quot;}\" data-widget_type=\"text-editor.default\">\n\t\t\t\t<div class=\"elementor-widget-container\">\n\t\t\t\t\t\t\t\t\t<h3>Angaben gem. Par. 5 TMG:<\/h3><p>Cloud 9 Realty GmbH<br \/>Owner : Ann-Katrin Koenig<br \/>Landstuhlerstr 2, 66877 Ramstein<br \/>Tel: 017622890645<br \/>Mail: info@cloud9-realty.com<\/p><p>Erlaubnis nach \u00a734c der Gewerbeordnung erteilt durch die Verbandgemeindeverwaltung der Stadt Ramstein.<\/p><h4>Zustaendige Aufsichtsbehoerde<\/h4><p>VG Ramstein<br \/>Am neuen Markt 6<br \/>66877 Ramstein<\/p><h4>Umsatzsteuer<\/h4><p>Umsatzsteuer-Identifikationsnummer gemaess \u00a727 a Umsatzsteuergesetz: DE342120916<\/p><h4>Verbraucherinformationen<\/h4><p>Online-Streitbeilegung gemaess Art. 14 Abs. 1 ODR-VO: Die Europaeische Kommission stellt eine Plattform zur Online-Streitbeilegung (OS) bereit, die Sie unter http:\/\/ec.europa.eu\/consumers\/odr finden.<\/p><h4>Haftungsausschluss<br \/>Haftung fuer Inhalte<\/h4><p>Alle Inhalte unseres Internetauftritts wurden mit groesster Sorgfalt und nach bestem Gewissen erstellt. Fuer die Richtigkeit, Vollstaendigkeit und Aktualitaet der Inhalte koennen wir jedoch keine Gewaehr uebernehmen. Als Diensteanbieter sind wir gemae\u00df \u00a7 7 Abs.1 TMG fuer eigene Inhalte auf diesen Seiten nach den allgemeinen Gesetzen verantwortlich. Nach \u00a7\u00a7 8 bis 10 TMG sind wir als Diensteanbieter jedoch nicht verpflichtet, uebermittelte oder gespeicherte fremde Informationen zu ueberwachen oder nach Umstaenden zu forschen, die auf eine rechtswidrige Taetigkeit hinweisen. Verpflichtungen zur Entfernung oder Sperrung der Nutzung von Informationen nach den allgemeinen Gesetzen bleiben hiervon unberuehrt.<\/p><p>Eine diesbezuegliche Haftung ist jedoch erst ab dem Zeitpunkt der Kenntniserlangung einer konkreten Rechtsverletzung moeglich. Bei Bekanntwerden von den o.g. Rechtsverletzungen werden wir diese Inhalte unverzueglich entfernen.<\/p><h4>Haftungsbeschraenkung fuer externe Links<\/h4><p>Unsere Webseite enthaelt Links auf externe Webseiten Dritter. Auf die Inhalte dieser direkt oder indirekt verlinkten Webseiten haben wir keinen Einfluss. Daher koennen wir fuer die \u201eexternen Links\u201c auch keine Gewaehr auf Richtigkeit der Inhalte uebernehmen. Fuer die Inhalte der externen Links sind die jeweilige Anbieter oder Betreiber (Urheber) der Seiten verantwortlich.<\/p><p>Die externen Links wurden zum Zeitpunkt der Linksetzung auf eventuelle Rechtsverstoesse ueberprueft und waren im Zeitpunkt der Linksetzung frei von rechtswidrigen Inhalten. Eine staendige inhaltliche Ueberpr\u00fcfung der externen Links ist ohne konkrete Anhaltspunkte einer Rechtsverletzung nicht moeglich. Bei direkten oder indirekten Verlinkungen auf die Webseiten Dritter, die ausserhalb unseres Verantwortungsbereichs liegen, w\u00fcrde eine Haftungsverpflichtung ausschliesslich in dem Fall nur bestehen, wenn wir von den Inhalten Kenntnis erlangen und es uns technisch moeglich und zumutbar waere, die Nutzung im Falle rechtswidriger Inhalte zu verhindern.<\/p><p>Diese Haftungsausschlusserklaerung gilt auch innerhalb des eigenen Internetauftrittes \u201eName Ihrer Domain\u201c gesetzten Links und Verweise von Fragestellern, Blogeintr\u00e4gern, Gaesten des Diskussionsforums. F\u00fcr illegale, fehlerhafte oder unvollstaendige Inhalte und insbesondere f\u00fcr Schaeden, die aus der Nutzung oder Nichtnutzung solcherart dargestellten Informationen entstehen, haftet allein der Diensteanbieter der Seite, auf welche verwiesen wurde, nicht derjenige, der ueber Links auf die jeweilige Veroeffentlichung lediglich verweist.<\/p><p>Werden uns Rechtsverletzungen bekannt, werden die externen Links durch uns unverzueglich entfernt.<\/p><h4>Urheberrecht<\/h4><p>Die auf unserer Webseite veroeffentlichen Inhalte und Werke unterliegen dem deutschen Urheberrecht (http:\/\/www.gesetze-im-internet.de\/bundesrecht\/urhg\/gesamt.pdf) . Die Vervielfaeltigung, Bearbeitung, Verbreitung und jede Art der Verwertung des geistigen Eigentums in ideeller und materieller Sicht des Urhebers ausserhalb der Grenzen des Urheberrechtes beduerfen der vorherigen schriftlichen Zustimmung des jeweiligen Urhebers i.S.d. Urhebergesetzes (http:\/\/www.gesetze-im-internet.de\/bundesrecht\/urhg\/gesamt.pdf ). Downloads und Kopien dieser Seite sind nur f\u00fcr den privaten und nicht kommerziellen Gebrauch erlaubt. Sind die Inhalte auf unserer Webseite nicht von uns erstellt wurden, sind die Urheberrechte Dritter zu beachten. Die Inhalte Dritter werden als solche kenntlich gemacht. Sollten Sie trotzdem auf eine Urheberrechtsverletzung aufmerksam werden, bitten wir um einen entsprechenden Hinweis. Bei Bekanntwerden von Rechtsverletzungen werden wir derartige Inhalte unverzueglich entfernen.<\/p>\t\t\t\t\t\t\t\t<\/div>\n\t\t\t\t<\/div>\n\t\t\t\t<\/div>\n\t\t\t\t\t<\/div>\n\t\t\t\t<\/div>\n\t\t\t\t<\/div>","protected":false},"excerpt":{"rendered":"<p>Imprint Information according to Par. 5 TMG: Cloud 9 Realty GmbHOwner : Ann-Katrin KoenigLandstuhlerstr 2, 66877 RamsteinTel: 017622890645Mail: info@cloud9-realty.com Permission after \u00a734c of the trade regulations granted by the federation municipality administration of the city Ramstein. Competent supervisory authority VG RamsteinAm neuen Markt 666877 Ramstein Value added tax Sales tax identification number according to \u00a727 [&hellip;]<\/p>\n","protected":false},"author":2,"featured_media":0,"parent":0,"menu_order":0,"comment_status":"closed","ping_status":"closed","template":"elementor_header_footer","meta":{"_acf_changed":false,"inline_featured_image":false,"footnotes":""},"class_list":["post-387","page","type-page","status-publish","hentry"],"acf":[],"_links":{"self":[{"href":"https:\/\/cloud9-realty.com\/de\/wp-json\/wp\/v2\/pages\/387","targetHints":{"allow":["GET"]}}],"collection":[{"href":"https:\/\/cloud9-realty.com\/de\/wp-json\/wp\/v2\/pages"}],"about":[{"href":"https:\/\/cloud9-realty.com\/de\/wp-json\/wp\/v2\/types\/page"}],"author":[{"embeddable":true,"href":"https:\/\/cloud9-realty.com\/de\/wp-json\/wp\/v2\/users\/2"}],"replies":[{"embeddable":true,"href":"https:\/\/cloud9-realty.com\/de\/wp-json\/wp\/v2\/comments?post=387"}],"version-history":[{"count":25,"href":"https:\/\/cloud9-realty.com\/de\/wp-json\/wp\/v2\/pages\/387\/revisions"}],"predecessor-version":[{"id":1309,"href":"https:\/\/cloud9-realty.com\/de\/wp-json\/wp\/v2\/pages\/387\/revisions\/1309"}],"wp:attachment":[{"href":"https:\/\/cloud9-realty.com\/de\/wp-json\/wp\/v2\/media?parent=387"}],"curies":[{"name":"wp","href":"https:\/\/api.w.org\/{rel}","templated":true}]}}